{"id":71,"date":"2020-09-10T18:41:17","date_gmt":"2020-09-10T18:41:17","guid":{"rendered":"https:\/\/tentazionecyc.com\/?page_id=71"},"modified":"2026-01-19T21:25:36","modified_gmt":"2026-01-20T00:25:36","slug":"inicio-pagina-principal","status":"publish","type":"page","link":"https:\/\/tentazionecyc.com\/","title":{"rendered":"Inicio"},"content":{"rendered":"\t\t<div data-elementor-type=\"wp-page\" data-elementor-id=\"71\" class=\"elementor elementor-71\">\n\t\t\t\t\t\t<section class=\"elementor-section elementor-top-section elementor-element elementor-element-767246e elementor-section-boxed elementor-section-height-default elementor-section-height-default\" data-id=\"767246e\" data-element_type=\"section\" data-e-type=\"section\">\n\t\t\t\t\t\t<div class=\"elementor-container elementor-column-gap-default\">\n\t\t\t\t\t<div class=\"elementor-column elementor-col-100 elementor-top-column elementor-element elementor-element-713579b\" data-id=\"713579b\" data-element_type=\"column\" data-e-type=\"column\">\n\t\t\t<div class=\"elementor-widget-wrap elementor-element-populated\">\n\t\t\t\t\t\t<div class=\"elementor-element elementor-element-1520c34 elementor-widget elementor-widget-testimonial\" data-id=\"1520c34\" data-element_type=\"widget\" data-e-type=\"widget\" data-settings=\"{&quot;_animation_mobile&quot;:&quot;zoomIn&quot;}\" data-widget_type=\"testimonial.default\">\n\t\t\t\t<div class=\"elementor-widget-container\">\n\t\t\t\t\t\t\t<div class=\"elementor-testimonial-wrapper\">\n\t\t\t\t\t\t\t<div class=\"elementor-testimonial-content\">En Tentazione CyC nos especializamos en la creaci\u00f3n de obsequios personalizados que combinan estilo, elegancia y dedicaci\u00f3n. Cada detalle est\u00e1 pensado para transmitir emociones y transformar cada ocasi\u00f3n en un recuerdo inolvidable.\"<\/div>\n\t\t\t\n\t\t\t\t\t\t<div class=\"elementor-testimonial-meta elementor-has-image elementor-testimonial-image-position-aside\">\n\t\t\t\t<div class=\"elementor-testimonial-meta-inner\">\n\t\t\t\t\t\t\t\t\t\t\t<div class=\"elementor-testimonial-image\">\n\t\t\t\t\t\t\t<img fetchpriority=\"high\" decoding=\"async\" width=\"1600\" height=\"1600\" src=\"https:\/\/tentazionecyc.com\/wp-content\/uploads\/2025\/09\/WhatsApp-Image-2025-09-03-at-10.35.40.jpeg\" class=\"attachment-full size-full wp-image-9389\" alt=\"\" srcset=\"https:\/\/tentazionecyc.com\/wp-content\/uploads\/2025\/09\/WhatsApp-Image-2025-09-03-at-10.35.40.jpeg 1600w, https:\/\/tentazionecyc.com\/wp-content\/uploads\/2025\/09\/WhatsApp-Image-2025-09-03-at-10.35.40-100x100.jpeg 100w, https:\/\/tentazionecyc.com\/wp-content\/uploads\/2025\/09\/WhatsApp-Image-2025-09-03-at-10.35.40-300x300.jpeg 300w, https:\/\/tentazionecyc.com\/wp-content\/uploads\/2025\/09\/WhatsApp-Image-2025-09-03-at-10.35.40-1024x1024.jpeg 1024w, https:\/\/tentazionecyc.com\/wp-content\/uploads\/2025\/09\/WhatsApp-Image-2025-09-03-at-10.35.40-150x150.jpeg 150w, https:\/\/tentazionecyc.com\/wp-content\/uploads\/2025\/09\/WhatsApp-Image-2025-09-03-at-10.35.40-768x768.jpeg 768w, https:\/\/tentazionecyc.com\/wp-content\/uploads\/2025\/09\/WhatsApp-Image-2025-09-03-at-10.35.40-1536x1536.jpeg 1536w\" sizes=\"(max-width: 1600px) 100vw, 1600px\" \/>\t\t\t\t\t\t<\/div>\n\t\t\t\t\t\n\t\t\t\t\t\t\t\t\t\t<div class=\"elementor-testimonial-details\">\n\t\t\t\t\t\t\t\t\t\t\t\t\t\t<div class=\"elementor-testimonial-name\">Tentazionecyc<\/div>\n\t\t\t\t\t\t\t\t\t\t\t\t\t\t\t\t\t\t\t\t\t\t<div class=\"elementor-testimonial-job\">Regalos Personalizados<\/div>\n\t\t\t\t\t\t\t\t\t\t\t\t\t<\/div>\n\t\t\t\t\t\t\t\t\t<\/div>\n\t\t\t<\/div>\n\t\t\t\t\t<\/div>\n\t\t\t\t\t\t<\/div>\n\t\t\t\t<\/div>\n\t\t\t\t\t<\/div>\n\t\t<\/div>\n\t\t\t\t\t<\/div>\n\t\t<\/section>\n\t\t\t\t<section class=\"elementor-section elementor-top-section elementor-element elementor-element-7e07d51 elementor-section-boxed elementor-section-height-default elementor-section-height-default\" data-id=\"7e07d51\" data-element_type=\"section\" data-e-type=\"section\">\n\t\t\t\t\t\t<div class=\"elementor-container elementor-column-gap-default\">\n\t\t\t\t\t<div class=\"elementor-column elementor-col-100 elementor-top-column elementor-element elementor-element-a221cce\" data-id=\"a221cce\" data-element_type=\"column\" data-e-type=\"column\">\n\t\t\t<div class=\"elementor-widget-wrap elementor-element-populated\">\n\t\t\t\t\t\t<div class=\"elementor-element elementor-element-f019b4b elementor-arrows-position-inside elementor-pagination-position-outside elementor-widget elementor-widget-image-carousel\" data-id=\"f019b4b\" data-element_type=\"widget\" data-e-type=\"widget\" data-settings=\"{&quot;navigation&quot;:&quot;both&quot;,&quot;autoplay&quot;:&quot;yes&quot;,&quot;pause_on_hover&quot;:&quot;yes&quot;,&quot;pause_on_interaction&quot;:&quot;yes&quot;,&quot;autoplay_speed&quot;:5000,&quot;infinite&quot;:&quot;yes&quot;,&quot;speed&quot;:500}\" data-widget_type=\"image-carousel.default\">\n\t\t\t\t<div class=\"elementor-widget-container\">\n\t\t\t\t\t\t\t<div class=\"elementor-image-carousel-wrapper swiper\" role=\"region\" aria-roledescription=\"carousel\" aria-label=\"Carrusel de im\u00e1genes\" dir=\"ltr\">\n\t\t\t<div class=\"elementor-image-carousel swiper-wrapper\" aria-live=\"off\">\n\t\t\t\t\t\t\t\t<div class=\"swiper-slide\" role=\"group\" aria-roledescription=\"slide\" aria-label=\"1 of 8\"><figure class=\"swiper-slide-inner\"><img decoding=\"async\" class=\"swiper-slide-image\" src=\"https:\/\/tentazionecyc.com\/wp-content\/uploads\/2025\/09\/WhatsApp-Image-2025-09-06-at-12.47.35-300x300.jpeg\" alt=\"WhatsApp Image 2025-09-06 at 12.47.35\" \/><\/figure><\/div><div class=\"swiper-slide\" role=\"group\" aria-roledescription=\"slide\" aria-label=\"2 of 8\"><figure class=\"swiper-slide-inner\"><img decoding=\"async\" class=\"swiper-slide-image\" src=\"https:\/\/tentazionecyc.com\/wp-content\/uploads\/2025\/09\/WhatsApp-Image-2025-09-06-at-12.55.57-300x300.jpeg\" alt=\"WhatsApp Image 2025-09-06 at 12.55.57\" \/><\/figure><\/div><div class=\"swiper-slide\" role=\"group\" aria-roledescription=\"slide\" aria-label=\"3 of 8\"><figure class=\"swiper-slide-inner\"><img decoding=\"async\" class=\"swiper-slide-image\" src=\"https:\/\/tentazionecyc.com\/wp-content\/uploads\/2025\/09\/WhatsApp-Image-2025-09-06-at-15.00.40-300x300.jpeg\" alt=\"WhatsApp Image 2025-09-06 at 15.00.40\" \/><\/figure><\/div><div class=\"swiper-slide\" role=\"group\" aria-roledescription=\"slide\" aria-label=\"4 of 8\"><figure class=\"swiper-slide-inner\"><img decoding=\"async\" class=\"swiper-slide-image\" src=\"https:\/\/tentazionecyc.com\/wp-content\/uploads\/2025\/09\/WhatsApp-Image-2025-09-06-at-15.00.41-300x300.jpeg\" alt=\"WhatsApp Image 2025-09-06 at 15.00.41\" \/><\/figure><\/div><div class=\"swiper-slide\" role=\"group\" aria-roledescription=\"slide\" aria-label=\"5 of 8\"><figure class=\"swiper-slide-inner\"><img decoding=\"async\" class=\"swiper-slide-image\" src=\"https:\/\/tentazionecyc.com\/wp-content\/uploads\/2025\/09\/WhatsApp-Image-2025-09-06-at-11.54.51-300x300.jpeg\" alt=\"WhatsApp Image 2025-09-06 at 11.54.51\" \/><\/figure><\/div><div class=\"swiper-slide\" role=\"group\" aria-roledescription=\"slide\" aria-label=\"6 of 8\"><figure class=\"swiper-slide-inner\"><img decoding=\"async\" class=\"swiper-slide-image\" src=\"https:\/\/tentazionecyc.com\/wp-content\/uploads\/2025\/09\/WhatsApp-Image-2025-09-06-at-11.54.52-300x300.jpeg\" alt=\"WhatsApp Image 2025-09-06 at 11.54.52\" \/><\/figure><\/div><div class=\"swiper-slide\" role=\"group\" aria-roledescription=\"slide\" aria-label=\"7 of 8\"><figure class=\"swiper-slide-inner\"><img decoding=\"async\" class=\"swiper-slide-image\" src=\"https:\/\/tentazionecyc.com\/wp-content\/uploads\/2025\/09\/WhatsApp-Image-2025-09-06-at-15.00.42-300x300.jpeg\" alt=\"WhatsApp Image 2025-09-06 at 15.00.42\" \/><\/figure><\/div><div class=\"swiper-slide\" role=\"group\" aria-roledescription=\"slide\" aria-label=\"8 of 8\"><figure class=\"swiper-slide-inner\"><img decoding=\"async\" class=\"swiper-slide-image\" src=\"https:\/\/tentazionecyc.com\/wp-content\/uploads\/2025\/09\/WhatsApp-Image-2025-09-06-at-15.00.41-1-300x300.jpeg\" alt=\"WhatsApp Image 2025-09-06 at 15.00.41 (1)\" \/><\/figure><\/div>\t\t\t<\/div>\n\t\t\t\t\t\t\t\t\t\t\t\t<div class=\"elementor-swiper-button elementor-swiper-button-prev\" role=\"button\" tabindex=\"0\">\n\t\t\t\t\t\t<i aria-hidden=\"true\" class=\"eicon-chevron-left\"><\/i>\t\t\t\t\t<\/div>\n\t\t\t\t\t<div class=\"elementor-swiper-button elementor-swiper-button-next\" role=\"button\" tabindex=\"0\">\n\t\t\t\t\t\t<i aria-hidden=\"true\" class=\"eicon-chevron-right\"><\/i>\t\t\t\t\t<\/div>\n\t\t\t\t\n\t\t\t\t\t\t\t\t\t<div class=\"swiper-pagination\"><\/div>\n\t\t\t\t\t\t\t\t\t<\/div>\n\t\t\t\t\t\t<\/div>\n\t\t\t\t<\/div>\n\t\t\t\t\t<\/div>\n\t\t<\/div>\n\t\t\t\t\t<\/div>\n\t\t<\/section>\n\t\t\t\t<\/div>\n\t\t","protected":false},"excerpt":{"rendered":"<p>En Tentazione CyC nos especializamos en la creaci\u00f3n de obsequios personalizados que combinan estilo, elegancia y dedicaci\u00f3n. Cada detalle est\u00e1<\/p>\n<p><a href=\"https:\/\/tentazionecyc.com\/\" class=\"more-link\">Continue reading<span class=\"screen-reader-text\">Inicio<\/span><\/a><\/p>\n","protected":false},"author":1,"featured_media":9323,"parent":0,"menu_order":0,"comment_status":"closed","ping_status":"closed","template":"","meta":{"_monsterinsights_skip_tracking":false,"_monsterinsights_sitenote_active":false,"_monsterinsights_sitenote_note":"","_monsterinsights_sitenote_category":0,"_uf_show_specific_survey":0,"_uf_disable_surveys":false,"footnotes":""},"class_list":["post-71","page","type-page","status-publish","has-post-thumbnail","hentry"],"aioseo_notices":[],"_links":{"self":[{"href":"https:\/\/tentazionecyc.com\/index.php?rest_route=\/wp\/v2\/pages\/71","targetHints":{"allow":["GET"]}}],"collection":[{"href":"https:\/\/tentazionecyc.com\/index.php?rest_route=\/wp\/v2\/pages"}],"about":[{"href":"https:\/\/tentazionecyc.com\/index.php?rest_route=\/wp\/v2\/types\/page"}],"author":[{"embeddable":true,"href":"https:\/\/tentazionecyc.com\/index.php?rest_route=\/wp\/v2\/users\/1"}],"replies":[{"embeddable":true,"href":"https:\/\/tentazionecyc.com\/index.php?rest_route=%2Fwp%2Fv2%2Fcomments&post=71"}],"version-history":[{"count":1501,"href":"https:\/\/tentazionecyc.com\/index.php?rest_route=\/wp\/v2\/pages\/71\/revisions"}],"predecessor-version":[{"id":9704,"href":"https:\/\/tentazionecyc.com\/index.php?rest_route=\/wp\/v2\/pages\/71\/revisions\/9704"}],"wp:featuredmedia":[{"embeddable":true,"href":"https:\/\/tentazionecyc.com\/index.php?rest_route=\/wp\/v2\/media\/9323"}],"wp:attachment":[{"href":"https:\/\/tentazionecyc.com\/index.php?rest_route=%2Fwp%2Fv2%2Fmedia&parent=71"}],"curies":[{"name":"wp","href":"https:\/\/api.w.org\/{rel}","templated":true}]}}