{"id":5234,"date":"2022-10-04T18:06:36","date_gmt":"2022-10-04T18:06:36","guid":{"rendered":"https:\/\/tentazionecyc.com\/?post_type=product&#038;p=5234"},"modified":"2024-09-28T16:23:48","modified_gmt":"2024-09-28T19:23:48","slug":"feliz-dia-mama","status":"publish","type":"product","link":"https:\/\/tentazionecyc.com\/?product=feliz-dia-mama","title":{"rendered":"Sorpresa Gourmet para Mam\u00e1"},"content":{"rendered":"<p><span style=\"vertical-align: inherit;\">Contenido:<\/span><br \/>\n<span style=\"vertical-align: inherit;\">\u25aa\ufe0e Ferrero Rocher de 3un. <\/span><br \/>\n<span style=\"vertical-align: inherit;\">\u25aa\ufe0e Alfajores HAVANNA mixto 4 u\/n.<\/span><br \/>\n<span style=\"vertical-align: inherit;\">-Alfajor de 70% cacao 2 u\/n.<\/span><br \/>\n<span style=\"vertical-align: inherit;\">\u25aa\ufe0e Nutella 140gr.<\/span><br \/>\n<span style=\"vertical-align: inherit;\">\u25aa\ufe0e Vela arom\u00e1tica (frase a elecci\u00f3n) <\/span><br \/>\n<span style=\"vertical-align: inherit;\">\u25aa\ufe0e Almendras y Nueces en frasco. <\/span><br \/>\n<span style=\"vertical-align: inherit;\">\u25aa\ufe0e Chips de pl\u00e1tano en frasco.<\/span><br \/>\n<span style=\"vertical-align: inherit;\">\u25aa\ufe0e Taza de cer\u00e1mica con caf\u00e9 o T\u00e9.<\/span><br \/>\n<span style=\"vertical-align: inherit;\">\u25aa\ufe0e Flores de estaci\u00f3n.<br \/>\n<\/span><span style=\"vertical-align: inherit;\">\u25aa\ufe0e Tarjeta dedicatoria.<br \/>\n<\/span><span style=\"font-size: 16px; font-style: normal; font-weight: 400;\">\u25aa\ufe0e Bandeja de mimbre con forma de coraz\u00f3n.<\/span><\/p>\n","protected":false},"excerpt":{"rendered":"<p>Contenido: \u25aa\ufe0e Ferrero Rocher de 3un. \u25aa\ufe0e Alfajores HAVANNA mixto 4 u\/n. -Alfajor de 70% cacao 2 u\/n. \u25aa\ufe0e Nutella 140gr. \u25aa\ufe0e Vela arom\u00e1tica (frase a elecci\u00f3n) \u25aa\ufe0e Almendras y Nueces en frasco. \u25aa\ufe0e Chips de pl\u00e1tano en frasco. \u25aa\ufe0e Taza de cer\u00e1mica con caf\u00e9 o T\u00e9. \u25aa\ufe0e Flores de estaci\u00f3n. \u25aa\ufe0e Tarjeta dedicatoria. \u25aa\ufe0e [&hellip;]<\/p>\n","protected":false},"featured_media":5235,"template":"","meta":{"_monsterinsights_skip_tracking":false,"_monsterinsights_sitenote_active":false,"_monsterinsights_sitenote_note":"","_monsterinsights_sitenote_category":0,"_uf_show_specific_survey":0,"_uf_disable_surveys":false,"site-sidebar-layout":"default","site-content-layout":"default","ast-site-content-layout":"default","site-content-style":"default","site-sidebar-style":"default","ast-global-header-display":"","ast-banner-title-visibility":"","ast-main-header-display":"","ast-hfb-above-header-display":"","ast-hfb-below-header-display":"","ast-hfb-mobile-header-display":"","site-post-title":"","ast-breadcrumbs-content":"","ast-featured-img":"","footer-sml-layout":"","ast-disable-related-posts":"","theme-transparent-header-meta":"default","adv-header-id-meta":"","stick-header-meta":"","header-above-stick-meta":"","header-main-stick-meta":"","header-below-stick-meta":"","astra-migrate-meta-layouts":"set","ast-page-background-enabled":"default","ast-page-background-meta":{"desktop":{"background-color":"","background-image":"","background-repeat":"repeat","background-position":"center center","background-size":"auto","background-attachment":"scroll","background-type":"","background-media":"","overlay-type":"","overlay-color":"","overlay-opacity":"","overlay-gradient":""},"tablet":{"background-color":"","background-image":"","background-repeat":"repeat","background-position":"center center","background-size":"auto","background-attachment":"scroll","background-type":"","background-media":"","overlay-type":"","overlay-color":"","overlay-opacity":"","overlay-gradient":""},"mobile":{"background-color":"","background-image":"","background-repeat":"repeat","background-position":"center center","background-size":"auto","background-attachment":"scroll","background-type":"","background-media":"","overlay-type":"","overlay-color":"","overlay-opacity":"","overlay-gradient":""}},"ast-content-background-meta":{"desktop":{"background-color":"var(--ast-global-color-5)","background-image":"","background-repeat":"repeat","background-position":"center center","background-size":"auto","background-attachment":"scroll","background-type":"","background-media":"","overlay-type":"","overlay-color":"","overlay-opacity":"","overlay-gradient":""},"tablet":{"background-color":"var(--ast-global-color-5)","background-image":"","background-repeat":"repeat","background-position":"center center","background-size":"auto","background-attachment":"scroll","background-type":"","background-media":"","overlay-type":"","overlay-color":"","overlay-opacity":"","overlay-gradient":""},"mobile":{"background-color":"var(--ast-global-color-5)","background-image":"","background-repeat":"repeat","background-position":"center center","background-size":"auto","background-attachment":"scroll","background-type":"","background-media":"","overlay-type":"","overlay-color":"","overlay-opacity":"","overlay-gradient":""}}},"product_brand":[],"product_cat":[58],"product_tag":[],"class_list":{"0":"post-5234","1":"product","2":"type-product","3":"status-publish","4":"has-post-thumbnail","6":"product_cat-bellas","7":"desktop-align-left","8":"tablet-align-left","9":"mobile-align-left","11":"first","12":"instock","13":"shipping-taxable","14":"purchasable","15":"product-type-simple"},"aioseo_notices":[],"_links":{"self":[{"href":"https:\/\/tentazionecyc.com\/index.php?rest_route=\/wp\/v2\/product\/5234","targetHints":{"allow":["GET"]}}],"collection":[{"href":"https:\/\/tentazionecyc.com\/index.php?rest_route=\/wp\/v2\/product"}],"about":[{"href":"https:\/\/tentazionecyc.com\/index.php?rest_route=\/wp\/v2\/types\/product"}],"wp:featuredmedia":[{"embeddable":true,"href":"https:\/\/tentazionecyc.com\/index.php?rest_route=\/wp\/v2\/media\/5235"}],"wp:attachment":[{"href":"https:\/\/tentazionecyc.com\/index.php?rest_route=%2Fwp%2Fv2%2Fmedia&parent=5234"}],"wp:term":[{"taxonomy":"product_brand","embeddable":true,"href":"https:\/\/tentazionecyc.com\/index.php?rest_route=%2Fwp%2Fv2%2Fproduct_brand&post=5234"},{"taxonomy":"product_cat","embeddable":true,"href":"https:\/\/tentazionecyc.com\/index.php?rest_route=%2Fwp%2Fv2%2Fproduct_cat&post=5234"},{"taxonomy":"product_tag","embeddable":true,"href":"https:\/\/tentazionecyc.com\/index.php?rest_route=%2Fwp%2Fv2%2Fproduct_tag&post=5234"}],"curies":[{"name":"wp","href":"https:\/\/api.w.org\/{rel}","templated":true}]}}