{"id":5871,"date":"2022-12-17T18:21:12","date_gmt":"2022-12-17T18:21:12","guid":{"rendered":"https:\/\/tentazionecyc.com\/?post_type=product&#038;p=5871"},"modified":"2024-05-30T18:14:09","modified_gmt":"2024-05-30T18:14:09","slug":"box-de-golosinas-navidena","status":"publish","type":"product","link":"https:\/\/tentazionecyc.com\/?product=box-de-golosinas-navidena","title":{"rendered":"BOX DE GOLOSINAS NAVIDE\u00d1A"},"content":{"rendered":"<ul>\n<li>\n<h3>BOX NAVIDE\u00d1A<\/h3>\n<\/li>\n<\/ul>\n<ol>\n<li>Un Mantecol de 111gr.<\/li>\n<li>Dos Turr\u00f3n de Bonafide mani con miel.<\/li>\n<li>Dos Bast\u00f3n Navide\u00f1o.<\/li>\n<li>Tarjeta navide\u00f1a.<\/li>\n<li>En caja Cyctentazione de 10cm de ancho por 10cm de altura.<\/li>\n<li>Vinilos Navide\u00f1os a elecci\u00f3n.<\/li>\n<\/ol>\n","protected":false},"excerpt":{"rendered":"<p>BOX NAVIDE\u00d1A Un Mantecol de 111gr. Dos Turr\u00f3n de Bonafide mani con miel. Dos Bast\u00f3n Navide\u00f1o. Tarjeta navide\u00f1a. En caja<\/p>\n<p><a href=\"https:\/\/tentazionecyc.com\/?product=box-de-golosinas-navidena\" class=\"more-link\">Continue reading<span class=\"screen-reader-text\">BOX DE GOLOSINAS NAVIDE\u00d1A<\/span><\/a><\/p>\n","protected":false},"featured_media":5872,"template":"","meta":{"_monsterinsights_skip_tracking":false,"_monsterinsights_sitenote_active":false,"_monsterinsights_sitenote_note":"","_monsterinsights_sitenote_category":0,"_uf_show_specific_survey":0,"_uf_disable_surveys":false},"product_brand":[],"product_cat":[50],"product_tag":[],"class_list":{"0":"post-5871","1":"product","2":"type-product","3":"status-publish","4":"has-post-thumbnail","6":"product_cat-navidad","8":"first","9":"outofstock","10":"shipping-taxable","11":"purchasable","12":"product-type-simple"},"aioseo_notices":[],"_links":{"self":[{"href":"https:\/\/tentazionecyc.com\/index.php?rest_route=\/wp\/v2\/product\/5871","targetHints":{"allow":["GET"]}}],"collection":[{"href":"https:\/\/tentazionecyc.com\/index.php?rest_route=\/wp\/v2\/product"}],"about":[{"href":"https:\/\/tentazionecyc.com\/index.php?rest_route=\/wp\/v2\/types\/product"}],"wp:featuredmedia":[{"embeddable":true,"href":"https:\/\/tentazionecyc.com\/index.php?rest_route=\/wp\/v2\/media\/5872"}],"wp:attachment":[{"href":"https:\/\/tentazionecyc.com\/index.php?rest_route=%2Fwp%2Fv2%2Fmedia&parent=5871"}],"wp:term":[{"taxonomy":"product_brand","embeddable":true,"href":"https:\/\/tentazionecyc.com\/index.php?rest_route=%2Fwp%2Fv2%2Fproduct_brand&post=5871"},{"taxonomy":"product_cat","embeddable":true,"href":"https:\/\/tentazionecyc.com\/index.php?rest_route=%2Fwp%2Fv2%2Fproduct_cat&post=5871"},{"taxonomy":"product_tag","embeddable":true,"href":"https:\/\/tentazionecyc.com\/index.php?rest_route=%2Fwp%2Fv2%2Fproduct_tag&post=5871"}],"curies":[{"name":"wp","href":"https:\/\/api.w.org\/{rel}","templated":true}]}}