{"id":6598,"date":"2023-06-27T22:07:54","date_gmt":"2023-06-27T22:07:54","guid":{"rendered":"https:\/\/tentazionecyc.com\/?post_type=product&#038;p=6598"},"modified":"2025-06-18T19:20:28","modified_gmt":"2025-06-18T22:20:28","slug":"angela-bebe","status":"publish","type":"product","link":"https:\/\/tentazionecyc.com\/?product=angela-bebe","title":{"rendered":"My Baby"},"content":{"rendered":"<ul>\n<li>\n<h3>Angela Beb\u00e9<\/h3>\n<\/li>\n<\/ul>\n<p>Descripci\u00f3n:<\/p>\n<ol>\n<li>Una Angela Beb\u00e9 de 22cm.<\/li>\n<li>Un Ferrero Rocher de 4un.<\/li>\n<li>Un milka triple dulce de leche.<\/li>\n<li>Un milka triple Oreo.<\/li>\n<li>Dos corazones Felfor.<\/li>\n<li>Dos Bon o Bon.<\/li>\n<li>Un globo chico te amo.<\/li>\n<li>Tarjeta dedicatoria &#8220;Feliz Semana de la Dulzura.&#8221;<\/li>\n<\/ol>\n","protected":false},"excerpt":{"rendered":"<p>Angela Beb\u00e9 Descripci\u00f3n: Una Angela Beb\u00e9 de 22cm. Un Ferrero Rocher de 4un. Un milka triple dulce de leche. Un<\/p>\n<p><a href=\"https:\/\/tentazionecyc.com\/?product=angela-bebe\" class=\"more-link\">Continue reading<span class=\"screen-reader-text\">My Baby<\/span><\/a><\/p>\n","protected":false},"featured_media":6599,"template":"","meta":{"_monsterinsights_skip_tracking":false,"_monsterinsights_sitenote_active":false,"_monsterinsights_sitenote_note":"","_monsterinsights_sitenote_category":0,"_uf_show_specific_survey":0,"_uf_disable_surveys":false},"product_brand":[],"product_cat":[72,45,70],"product_tag":[],"class_list":{"0":"post-6598","1":"product","2":"type-product","3":"status-publish","4":"has-post-thumbnail","6":"product_cat-para-chicos","7":"product_cat-peluches","8":"product_cat-semana-de-la-dulzura","10":"first","11":"instock","12":"shipping-taxable","13":"purchasable","14":"product-type-simple"},"aioseo_notices":[],"_links":{"self":[{"href":"https:\/\/tentazionecyc.com\/index.php?rest_route=\/wp\/v2\/product\/6598","targetHints":{"allow":["GET"]}}],"collection":[{"href":"https:\/\/tentazionecyc.com\/index.php?rest_route=\/wp\/v2\/product"}],"about":[{"href":"https:\/\/tentazionecyc.com\/index.php?rest_route=\/wp\/v2\/types\/product"}],"wp:featuredmedia":[{"embeddable":true,"href":"https:\/\/tentazionecyc.com\/index.php?rest_route=\/wp\/v2\/media\/6599"}],"wp:attachment":[{"href":"https:\/\/tentazionecyc.com\/index.php?rest_route=%2Fwp%2Fv2%2Fmedia&parent=6598"}],"wp:term":[{"taxonomy":"product_brand","embeddable":true,"href":"https:\/\/tentazionecyc.com\/index.php?rest_route=%2Fwp%2Fv2%2Fproduct_brand&post=6598"},{"taxonomy":"product_cat","embeddable":true,"href":"https:\/\/tentazionecyc.com\/index.php?rest_route=%2Fwp%2Fv2%2Fproduct_cat&post=6598"},{"taxonomy":"product_tag","embeddable":true,"href":"https:\/\/tentazionecyc.com\/index.php?rest_route=%2Fwp%2Fv2%2Fproduct_tag&post=6598"}],"curies":[{"name":"wp","href":"https:\/\/api.w.org\/{rel}","templated":true}]}}