{"id":6765,"date":"2023-08-17T02:57:10","date_gmt":"2023-08-17T02:57:10","guid":{"rendered":"https:\/\/tentazionecyc.com\/?post_type=product&#038;p=6765"},"modified":"2024-06-06T17:33:21","modified_gmt":"2024-06-06T17:33:21","slug":"box-campeon","status":"publish","type":"product","link":"https:\/\/tentazionecyc.com\/?product=box-campeon","title":{"rendered":"Box Campe\u00f3n"},"content":{"rendered":"<h1><span style=\"vertical-align: inherit;\"><span style=\"vertical-align: inherit;\"><span style=\"vertical-align: inherit;\"><span style=\"vertical-align: inherit;\">Campe\u00f3n de caja<\/span><\/span><\/span><\/span><\/h1>\n<ul>\n<li><span style=\"vertical-align: inherit;\"><span style=\"vertical-align: inherit;\"><span style=\"vertical-align: inherit;\"><span style=\"vertical-align: inherit;\">descripci\u00f3n<\/span><\/span><\/span><\/span><\/li>\n<li><span style=\"vertical-align: inherit;\"><span style=\"vertical-align: inherit;\"><span style=\"vertical-align: inherit;\"><span style=\"vertical-align: inherit;\">Dos Alfajores de Bon o Bon Campe\u00f3n<\/span><\/span><\/span><\/span><\/li>\n<li><span style=\"vertical-align: inherit;\"><span style=\"vertical-align: inherit;\"><span style=\"vertical-align: inherit;\"><span style=\"vertical-align: inherit;\">Un alfajor blanco<\/span><\/span><\/span><\/span><\/li>\n<li><span style=\"vertical-align: inherit;\"><span style=\"vertical-align: inherit;\"><span style=\"vertical-align: inherit;\"><span style=\"vertical-align: inherit;\">Dos Cofler Bloque de 14gr.<\/span><\/span><\/span><\/span><\/li>\n<li><span style=\"vertical-align: inherit;\"><span style=\"vertical-align: inherit;\"><span style=\"vertical-align: inherit;\"><span style=\"vertical-align: inherit;\">Dos un. <\/span><\/span><\/span><span style=\"vertical-align: inherit;\"><span style=\"vertical-align: inherit;\"><span style=\"vertical-align: inherit;\">de Dos Corazones de Felfort.<\/span><\/span><\/span><\/span><\/li>\n<li><span style=\"vertical-align: inherit;\"><span style=\"vertical-align: inherit;\"><span style=\"vertical-align: inherit;\"><span style=\"vertical-align: inherit;\">Dos MARROC.<\/span><\/span><\/span><\/span><\/li>\n<li><span style=\"vertical-align: inherit;\"><span style=\"vertical-align: inherit;\"><span style=\"vertical-align: inherit;\"><span style=\"vertical-align: inherit;\">Dos kitkat blanco y negro.<\/span><\/span><\/span><\/span><\/li>\n<li><span style=\"vertical-align: inherit;\"><span style=\"vertical-align: inherit;\"><span style=\"vertical-align: inherit;\"><span style=\"vertical-align: inherit;\">Un cofre de man\u00ed y chocolate<\/span><\/span><\/span><\/span><\/li>\n<li><span style=\"vertical-align: inherit;\"><span style=\"vertical-align: inherit;\"><span style=\"vertical-align: inherit;\"><span style=\"vertical-align: inherit;\">En una caja de CycTENTAZIONE<\/span><\/span><\/span><\/span><\/li>\n<li><span style=\"vertical-align: inherit;\"><span style=\"vertical-align: inherit;\"><span style=\"vertical-align: inherit;\"><span style=\"vertical-align: inherit;\">FRASE EN LA TAPA A ELECCION<\/span><\/span><\/span><\/span><\/li>\n<\/ul>\n<p>&nbsp;<\/p>\n","protected":false},"excerpt":{"rendered":"<p>Campe\u00f3n de caja descripci\u00f3n Dos Alfajores de Bon o Bon Campe\u00f3n Un alfajor blanco Dos Cofler Bloque de 14gr. Dos<\/p>\n<p><a href=\"https:\/\/tentazionecyc.com\/?product=box-campeon\" class=\"more-link\">Continue reading<span class=\"screen-reader-text\">Box Campe\u00f3n<\/span><\/a><\/p>\n","protected":false},"featured_media":6757,"template":"","meta":{"_monsterinsights_skip_tracking":false,"_monsterinsights_sitenote_active":false,"_monsterinsights_sitenote_note":"","_monsterinsights_sitenote_category":0,"_uf_show_specific_survey":0,"_uf_disable_surveys":false},"product_brand":[],"product_cat":[58],"product_tag":[],"class_list":{"0":"post-6765","1":"product","2":"type-product","3":"status-publish","4":"has-post-thumbnail","6":"product_cat-bellas","8":"first","9":"outofstock","10":"shipping-taxable","11":"purchasable","12":"product-type-simple"},"aioseo_notices":[],"_links":{"self":[{"href":"https:\/\/tentazionecyc.com\/index.php?rest_route=\/wp\/v2\/product\/6765","targetHints":{"allow":["GET"]}}],"collection":[{"href":"https:\/\/tentazionecyc.com\/index.php?rest_route=\/wp\/v2\/product"}],"about":[{"href":"https:\/\/tentazionecyc.com\/index.php?rest_route=\/wp\/v2\/types\/product"}],"wp:featuredmedia":[{"embeddable":true,"href":"https:\/\/tentazionecyc.com\/index.php?rest_route=\/wp\/v2\/media\/6757"}],"wp:attachment":[{"href":"https:\/\/tentazionecyc.com\/index.php?rest_route=%2Fwp%2Fv2%2Fmedia&parent=6765"}],"wp:term":[{"taxonomy":"product_brand","embeddable":true,"href":"https:\/\/tentazionecyc.com\/index.php?rest_route=%2Fwp%2Fv2%2Fproduct_brand&post=6765"},{"taxonomy":"product_cat","embeddable":true,"href":"https:\/\/tentazionecyc.com\/index.php?rest_route=%2Fwp%2Fv2%2Fproduct_cat&post=6765"},{"taxonomy":"product_tag","embeddable":true,"href":"https:\/\/tentazionecyc.com\/index.php?rest_route=%2Fwp%2Fv2%2Fproduct_tag&post=6765"}],"curies":[{"name":"wp","href":"https:\/\/api.w.org\/{rel}","templated":true}]}}