{"id":7263,"date":"2023-10-24T23:05:29","date_gmt":"2023-10-24T23:05:29","guid":{"rendered":"https:\/\/tentazionecyc.com\/?post_type=product&#038;p=7263"},"modified":"2024-05-30T18:11:33","modified_gmt":"2024-05-30T18:11:33","slug":"corazon-rosa","status":"publish","type":"product","link":"https:\/\/tentazionecyc.com\/?product=corazon-rosa","title":{"rendered":"CORAZONES HALLOWEEN II"},"content":{"rendered":"<ul>\n<li>\n<h3>Coraz\u00f3n Rosa:<\/h3>\n<\/li>\n<\/ul>\n<ol>\n<li>Coraz\u00f3n diamante rosa.<\/li>\n<li>Bombones coraz\u00f3n con almendras.<\/li>\n<li>Bombones con relleno Nueces.<\/li>\n<li>Marroc.<\/li>\n<li>Mini tableta de chocolate blanco.<\/li>\n<li>Bon o Bon 3un.<\/li>\n<li>En caja de Cyc Tentazione coraz\u00f3n.<br \/>\nColor a elecci\u00f3n: Rosa, roja, blanca, Celeste, azul y negro.<\/li>\n<\/ol>\n","protected":false},"excerpt":{"rendered":"<p>Coraz\u00f3n Rosa: Coraz\u00f3n diamante rosa. Bombones coraz\u00f3n con almendras. Bombones con relleno Nueces. Marroc. Mini tableta de chocolate blanco. Bon<\/p>\n<p><a href=\"https:\/\/tentazionecyc.com\/?product=corazon-rosa\" class=\"more-link\">Continue reading<span class=\"screen-reader-text\">CORAZONES HALLOWEEN II<\/span><\/a><\/p>\n","protected":false},"featured_media":7264,"template":"","meta":{"_monsterinsights_skip_tracking":false,"_monsterinsights_sitenote_active":false,"_monsterinsights_sitenote_note":"","_monsterinsights_sitenote_category":0,"_uf_show_specific_survey":0,"_uf_disable_surveys":false},"product_brand":[],"product_cat":[46],"product_tag":[],"class_list":{"0":"post-7263","1":"product","2":"type-product","3":"status-publish","4":"has-post-thumbnail","6":"product_cat-halloween","8":"first","9":"outofstock","10":"shipping-taxable","11":"purchasable","12":"product-type-simple"},"aioseo_notices":[],"_links":{"self":[{"href":"https:\/\/tentazionecyc.com\/index.php?rest_route=\/wp\/v2\/product\/7263","targetHints":{"allow":["GET"]}}],"collection":[{"href":"https:\/\/tentazionecyc.com\/index.php?rest_route=\/wp\/v2\/product"}],"about":[{"href":"https:\/\/tentazionecyc.com\/index.php?rest_route=\/wp\/v2\/types\/product"}],"wp:featuredmedia":[{"embeddable":true,"href":"https:\/\/tentazionecyc.com\/index.php?rest_route=\/wp\/v2\/media\/7264"}],"wp:attachment":[{"href":"https:\/\/tentazionecyc.com\/index.php?rest_route=%2Fwp%2Fv2%2Fmedia&parent=7263"}],"wp:term":[{"taxonomy":"product_brand","embeddable":true,"href":"https:\/\/tentazionecyc.com\/index.php?rest_route=%2Fwp%2Fv2%2Fproduct_brand&post=7263"},{"taxonomy":"product_cat","embeddable":true,"href":"https:\/\/tentazionecyc.com\/index.php?rest_route=%2Fwp%2Fv2%2Fproduct_cat&post=7263"},{"taxonomy":"product_tag","embeddable":true,"href":"https:\/\/tentazionecyc.com\/index.php?rest_route=%2Fwp%2Fv2%2Fproduct_tag&post=7263"}],"curies":[{"name":"wp","href":"https:\/\/api.w.org\/{rel}","templated":true}]}}