{"id":8060,"date":"2024-06-21T15:51:30","date_gmt":"2024-06-21T18:51:30","guid":{"rendered":"https:\/\/tentazionecyc.com\/?post_type=product&#038;p=8060"},"modified":"2024-10-01T20:05:04","modified_gmt":"2024-10-01T23:05:04","slug":"caja-rosa","status":"publish","type":"product","link":"https:\/\/tentazionecyc.com\/?product=caja-rosa","title":{"rendered":"caja floral dulce"},"content":{"rendered":"<p>*alfajor havanna 70% cacao &#8211; 3un.<br \/>\n*Con petalos de rosas<br \/>\n*Dos corazones &#8211; 2un.<br \/>\n*Globo de coraz\u00f3n &#8211; 1un.<br \/>\n*Caja Ferrero rocher de 4un.<br \/>\n*marroc &#8211; 3un.<br \/>\n*Vela de soja natural con forma de coraz\u00f3n en caja trasparente &#8211; 1un.<br \/>\n*Ramo de astronella a elecci\u00f3n<br \/>\nEn caja cyctentazione<\/p>\n","protected":false},"excerpt":{"rendered":"<p>*alfajor havanna 70% cacao &#8211; 3un. *Con petalos de rosas *Dos corazones &#8211; 2un. *Globo de coraz\u00f3n &#8211; 1un. *Caja Ferrero rocher de 4un. *marroc &#8211; 3un. *Vela de soja natural con forma de coraz\u00f3n en caja trasparente &#8211; 1un. *Ramo de astronella a elecci\u00f3n En caja cyctentazione<\/p>\n","protected":false},"featured_media":8061,"template":"","meta":{"_monsterinsights_skip_tracking":false,"_monsterinsights_sitenote_active":false,"_monsterinsights_sitenote_note":"","_monsterinsights_sitenote_category":0,"_uf_show_specific_survey":0,"_uf_disable_surveys":false,"site-sidebar-layout":"default","site-content-layout":"","ast-site-content-layout":"default","site-content-style":"default","site-sidebar-style":"default","ast-global-header-display":"","ast-banner-title-visibility":"","ast-main-header-display":"","ast-hfb-above-header-display":"","ast-hfb-below-header-display":"","ast-hfb-mobile-header-display":"","site-post-title":"","ast-breadcrumbs-content":"","ast-featured-img":"","footer-sml-layout":"","ast-disable-related-posts":"","theme-transparent-header-meta":"default","adv-header-id-meta":"","stick-header-meta":"","header-above-stick-meta":"","header-main-stick-meta":"","header-below-stick-meta":"","astra-migrate-meta-layouts":"set","ast-page-background-enabled":"default","ast-page-background-meta":{"desktop":{"background-color":"","background-image":"","background-repeat":"repeat","background-position":"center center","background-size":"auto","background-attachment":"scroll","background-type":"","background-media":"","overlay-type":"","overlay-color":"","overlay-opacity":"","overlay-gradient":""},"tablet":{"background-color":"","background-image":"","background-repeat":"repeat","background-position":"center center","background-size":"auto","background-attachment":"scroll","background-type":"","background-media":"","overlay-type":"","overlay-color":"","overlay-opacity":"","overlay-gradient":""},"mobile":{"background-color":"","background-image":"","background-repeat":"repeat","background-position":"center center","background-size":"auto","background-attachment":"scroll","background-type":"","background-media":"","overlay-type":"","overlay-color":"","overlay-opacity":"","overlay-gradient":""}},"ast-content-background-meta":{"desktop":{"background-color":"var(--ast-global-color-5)","background-image":"","background-repeat":"repeat","background-position":"center center","background-size":"auto","background-attachment":"scroll","background-type":"","background-media":"","overlay-type":"","overlay-color":"","overlay-opacity":"","overlay-gradient":""},"tablet":{"background-color":"var(--ast-global-color-5)","background-image":"","background-repeat":"repeat","background-position":"center center","background-size":"auto","background-attachment":"scroll","background-type":"","background-media":"","overlay-type":"","overlay-color":"","overlay-opacity":"","overlay-gradient":""},"mobile":{"background-color":"var(--ast-global-color-5)","background-image":"","background-repeat":"repeat","background-position":"center center","background-size":"auto","background-attachment":"scroll","background-type":"","background-media":"","overlay-type":"","overlay-color":"","overlay-opacity":"","overlay-gradient":""}}},"product_brand":[],"product_cat":[70],"product_tag":[],"class_list":{"0":"post-8060","1":"product","2":"type-product","3":"status-publish","4":"has-post-thumbnail","6":"product_cat-semana-de-la-dulzura","7":"desktop-align-left","8":"tablet-align-left","9":"mobile-align-left","11":"first","12":"instock","13":"shipping-taxable","14":"purchasable","15":"product-type-simple"},"aioseo_notices":[],"_links":{"self":[{"href":"https:\/\/tentazionecyc.com\/index.php?rest_route=\/wp\/v2\/product\/8060","targetHints":{"allow":["GET"]}}],"collection":[{"href":"https:\/\/tentazionecyc.com\/index.php?rest_route=\/wp\/v2\/product"}],"about":[{"href":"https:\/\/tentazionecyc.com\/index.php?rest_route=\/wp\/v2\/types\/product"}],"wp:featuredmedia":[{"embeddable":true,"href":"https:\/\/tentazionecyc.com\/index.php?rest_route=\/wp\/v2\/media\/8061"}],"wp:attachment":[{"href":"https:\/\/tentazionecyc.com\/index.php?rest_route=%2Fwp%2Fv2%2Fmedia&parent=8060"}],"wp:term":[{"taxonomy":"product_brand","embeddable":true,"href":"https:\/\/tentazionecyc.com\/index.php?rest_route=%2Fwp%2Fv2%2Fproduct_brand&post=8060"},{"taxonomy":"product_cat","embeddable":true,"href":"https:\/\/tentazionecyc.com\/index.php?rest_route=%2Fwp%2Fv2%2Fproduct_cat&post=8060"},{"taxonomy":"product_tag","embeddable":true,"href":"https:\/\/tentazionecyc.com\/index.php?rest_route=%2Fwp%2Fv2%2Fproduct_tag&post=8060"}],"curies":[{"name":"wp","href":"https:\/\/api.w.org\/{rel}","templated":true}]}}