{"id":8424,"date":"2024-07-07T19:25:41","date_gmt":"2024-07-07T22:25:41","guid":{"rendered":"https:\/\/tentazionecyc.com\/?post_type=product&#038;p=8424"},"modified":"2025-09-13T12:04:25","modified_gmt":"2025-09-13T15:04:25","slug":"mate-para-mi","status":"publish","type":"product","link":"https:\/\/tentazionecyc.com\/?product=mate-para-mi","title":{"rendered":"Aroma de hogar"},"content":{"rendered":"<p>*Un mate de cer\u00e1mica con Vinilo a elecci\u00f3n.<br \/>\n*Una vela Arom\u00e1ticas.<br \/>\n*Un JUGO de 500ml.<br \/>\n*alfajores havanna De 70% cacao &#8211;<span style=\"font-size: 16px; font-style: normal; font-weight: 400;\">3un.<\/span><br \/>\n*Galletitas de lim\u00f3n havanna &#8211;<span style=\"font-size: 16px; font-style: normal; font-weight: 400;\">2un.\u00a0<\/span><br \/>\n*alfajores havanna De Dulce de leche &#8211;<span style=\"font-size: 16px; font-style: normal; font-weight: 400;\">3un.\u00a0<\/span><br \/>\n*alfajores havanna De Chocolate-<span style=\"font-size: 16px; font-style: normal; font-weight: 400;\">3un.\u00a0<\/span><br \/>\n*Havannets havanna &#8211;<span style=\"font-size: 16px; font-style: normal; font-weight: 400;\">5un.\u00a0<\/span><br \/>\n*FERRERO ROCHER &#8211;<span style=\"font-size: 16px; font-style: normal; font-weight: 400;\">5un.\u00a0<\/span><br \/>\n*Un pote Frutilla o uva.<br \/>\n*P\u00e9talos de Rosa a elecci\u00f3n.<br \/>\n*Tarjeta dedicatoria incluida.<br \/>\nen coraz\u00f3n mimbre.<\/p>\n","protected":false},"excerpt":{"rendered":"<p>*Un mate de cer\u00e1mica con Vinilo a elecci\u00f3n. *Una vela Arom\u00e1ticas. *Un JUGO de 500ml. *alfajores havanna De 70% cacao &#8211;3un. *Galletitas de lim\u00f3n havanna &#8211;2un.\u00a0 *alfajores havanna De Dulce de leche &#8211;3un.\u00a0 *alfajores havanna De Chocolate-3un.\u00a0 *Havannets havanna &#8211;5un.\u00a0 *FERRERO ROCHER &#8211;5un.\u00a0 *Un pote Frutilla o uva. *P\u00e9talos de Rosa a elecci\u00f3n. *Tarjeta dedicatoria [&hellip;]<\/p>\n","protected":false},"featured_media":8425,"template":"","meta":{"_monsterinsights_skip_tracking":false,"_monsterinsights_sitenote_active":false,"_monsterinsights_sitenote_note":"","_monsterinsights_sitenote_category":0,"_uf_show_specific_survey":0,"_uf_disable_surveys":false,"site-sidebar-layout":"default","site-content-layout":"","ast-site-content-layout":"default","site-content-style":"default","site-sidebar-style":"default","ast-global-header-display":"","ast-banner-title-visibility":"","ast-main-header-display":"","ast-hfb-above-header-display":"","ast-hfb-below-header-display":"","ast-hfb-mobile-header-display":"","site-post-title":"","ast-breadcrumbs-content":"","ast-featured-img":"","footer-sml-layout":"","ast-disable-related-posts":"","theme-transparent-header-meta":"default","adv-header-id-meta":"","stick-header-meta":"","header-above-stick-meta":"","header-main-stick-meta":"","header-below-stick-meta":"","astra-migrate-meta-layouts":"set","ast-page-background-enabled":"default","ast-page-background-meta":{"desktop":{"background-color":"","background-image":"","background-repeat":"repeat","background-position":"center center","background-size":"auto","background-attachment":"scroll","background-type":"","background-media":"","overlay-type":"","overlay-color":"","overlay-opacity":"","overlay-gradient":""},"tablet":{"background-color":"","background-image":"","background-repeat":"repeat","background-position":"center center","background-size":"auto","background-attachment":"scroll","background-type":"","background-media":"","overlay-type":"","overlay-color":"","overlay-opacity":"","overlay-gradient":""},"mobile":{"background-color":"","background-image":"","background-repeat":"repeat","background-position":"center center","background-size":"auto","background-attachment":"scroll","background-type":"","background-media":"","overlay-type":"","overlay-color":"","overlay-opacity":"","overlay-gradient":""}},"ast-content-background-meta":{"desktop":{"background-color":"var(--ast-global-color-5)","background-image":"","background-repeat":"repeat","background-position":"center center","background-size":"auto","background-attachment":"scroll","background-type":"","background-media":"","overlay-type":"","overlay-color":"","overlay-opacity":"","overlay-gradient":""},"tablet":{"background-color":"var(--ast-global-color-5)","background-image":"","background-repeat":"repeat","background-position":"center center","background-size":"auto","background-attachment":"scroll","background-type":"","background-media":"","overlay-type":"","overlay-color":"","overlay-opacity":"","overlay-gradient":""},"mobile":{"background-color":"var(--ast-global-color-5)","background-image":"","background-repeat":"repeat","background-position":"center center","background-size":"auto","background-attachment":"scroll","background-type":"","background-media":"","overlay-type":"","overlay-color":"","overlay-opacity":"","overlay-gradient":""}}},"product_brand":[],"product_cat":[65],"product_tag":[],"class_list":{"0":"post-8424","1":"product","2":"type-product","3":"status-publish","4":"has-post-thumbnail","6":"product_cat-desayuno-mimbre","7":"desktop-align-left","8":"tablet-align-left","9":"mobile-align-left","11":"first","12":"instock","13":"shipping-taxable","14":"purchasable","15":"product-type-simple"},"aioseo_notices":[],"_links":{"self":[{"href":"https:\/\/tentazionecyc.com\/index.php?rest_route=\/wp\/v2\/product\/8424","targetHints":{"allow":["GET"]}}],"collection":[{"href":"https:\/\/tentazionecyc.com\/index.php?rest_route=\/wp\/v2\/product"}],"about":[{"href":"https:\/\/tentazionecyc.com\/index.php?rest_route=\/wp\/v2\/types\/product"}],"wp:featuredmedia":[{"embeddable":true,"href":"https:\/\/tentazionecyc.com\/index.php?rest_route=\/wp\/v2\/media\/8425"}],"wp:attachment":[{"href":"https:\/\/tentazionecyc.com\/index.php?rest_route=%2Fwp%2Fv2%2Fmedia&parent=8424"}],"wp:term":[{"taxonomy":"product_brand","embeddable":true,"href":"https:\/\/tentazionecyc.com\/index.php?rest_route=%2Fwp%2Fv2%2Fproduct_brand&post=8424"},{"taxonomy":"product_cat","embeddable":true,"href":"https:\/\/tentazionecyc.com\/index.php?rest_route=%2Fwp%2Fv2%2Fproduct_cat&post=8424"},{"taxonomy":"product_tag","embeddable":true,"href":"https:\/\/tentazionecyc.com\/index.php?rest_route=%2Fwp%2Fv2%2Fproduct_tag&post=8424"}],"curies":[{"name":"wp","href":"https:\/\/api.w.org\/{rel}","templated":true}]}}