{"id":9194,"date":"2024-11-25T21:43:21","date_gmt":"2024-11-26T00:43:21","guid":{"rendered":"https:\/\/tentazionecyc.com\/?post_type=product&#038;p=9194"},"modified":"2024-11-25T21:43:21","modified_gmt":"2024-11-26T00:43:21","slug":"tarta-de-terciopelo-rojo-con-chocolate","status":"publish","type":"product","link":"https:\/\/tentazionecyc.com\/?product=tarta-de-terciopelo-rojo-con-chocolate","title":{"rendered":"Tarta de Terciopelo Rojo con Chocolate"},"content":{"rendered":"<p>Nuestra Tarta de Terciopelo Rojo con Chocolate es una creaci\u00f3n exquisita que combina la riqueza del chocolate con la elegancia del terciopelo rojo. Hecha en un molde de bundt cake, esta tarta es una obra de arte que impresionar\u00e1 a tus sentidos.<\/p>\n<p>Caracter\u00edsticas:<\/p>\n<p>&#8211; Tarta de terciopelo rojo h\u00fameda y esponjosa<br \/>\n&#8211; Cubierta con una capa de chocolate rico y cremoso<br \/>\n&#8211; Decorada con chocolate rallado y frutas<br \/>\nDetalles:<br \/>\n&#8211; Para 15 porciones<\/p>\n<p>Tarta de Terciopelo Rojo con Chocolate: Una pasi\u00f3n en cada bocado.<\/p>\n","protected":false},"excerpt":{"rendered":"<p>Nuestra Tarta de Terciopelo Rojo con Chocolate es una creaci\u00f3n exquisita que combina la riqueza del chocolate con la elegancia del terciopelo rojo. Hecha en un molde de bundt cake, esta tarta es una obra de arte que impresionar\u00e1 a tus sentidos. Caracter\u00edsticas: &#8211; Tarta de terciopelo rojo h\u00fameda y esponjosa &#8211; Cubierta con una [&hellip;]<\/p>\n","protected":false},"featured_media":9199,"template":"","meta":{"_monsterinsights_skip_tracking":false,"_monsterinsights_sitenote_active":false,"_monsterinsights_sitenote_note":"","_monsterinsights_sitenote_category":0,"_uf_show_specific_survey":0,"_uf_disable_surveys":false,"site-sidebar-layout":"default","site-content-layout":"","ast-site-content-layout":"default","site-content-style":"default","site-sidebar-style":"default","ast-global-header-display":"","ast-banner-title-visibility":"","ast-main-header-display":"","ast-hfb-above-header-display":"","ast-hfb-below-header-display":"","ast-hfb-mobile-header-display":"","site-post-title":"","ast-breadcrumbs-content":"","ast-featured-img":"","footer-sml-layout":"","ast-disable-related-posts":"","theme-transparent-header-meta":"default","adv-header-id-meta":"","stick-header-meta":"","header-above-stick-meta":"","header-main-stick-meta":"","header-below-stick-meta":"","astra-migrate-meta-layouts":"set","ast-page-background-enabled":"default","ast-page-background-meta":{"desktop":{"background-color":"","background-image":"","background-repeat":"repeat","background-position":"center center","background-size":"auto","background-attachment":"scroll","background-type":"","background-media":"","overlay-type":"","overlay-color":"","overlay-opacity":"","overlay-gradient":""},"tablet":{"background-color":"","background-image":"","background-repeat":"repeat","background-position":"center center","background-size":"auto","background-attachment":"scroll","background-type":"","background-media":"","overlay-type":"","overlay-color":"","overlay-opacity":"","overlay-gradient":""},"mobile":{"background-color":"","background-image":"","background-repeat":"repeat","background-position":"center center","background-size":"auto","background-attachment":"scroll","background-type":"","background-media":"","overlay-type":"","overlay-color":"","overlay-opacity":"","overlay-gradient":""}},"ast-content-background-meta":{"desktop":{"background-color":"var(--ast-global-color-5)","background-image":"","background-repeat":"repeat","background-position":"center center","background-size":"auto","background-attachment":"scroll","background-type":"","background-media":"","overlay-type":"","overlay-color":"","overlay-opacity":"","overlay-gradient":""},"tablet":{"background-color":"var(--ast-global-color-5)","background-image":"","background-repeat":"repeat","background-position":"center center","background-size":"auto","background-attachment":"scroll","background-type":"","background-media":"","overlay-type":"","overlay-color":"","overlay-opacity":"","overlay-gradient":""},"mobile":{"background-color":"var(--ast-global-color-5)","background-image":"","background-repeat":"repeat","background-position":"center center","background-size":"auto","background-attachment":"scroll","background-type":"","background-media":"","overlay-type":"","overlay-color":"","overlay-opacity":"","overlay-gradient":""}}},"product_brand":[],"product_cat":[76],"product_tag":[],"class_list":{"0":"post-9194","1":"product","2":"type-product","3":"status-publish","4":"has-post-thumbnail","6":"product_cat-postres","7":"desktop-align-left","8":"tablet-align-left","9":"mobile-align-left","11":"first","12":"instock","13":"shipping-taxable","14":"purchasable","15":"product-type-simple"},"aioseo_notices":[],"_links":{"self":[{"href":"https:\/\/tentazionecyc.com\/index.php?rest_route=\/wp\/v2\/product\/9194","targetHints":{"allow":["GET"]}}],"collection":[{"href":"https:\/\/tentazionecyc.com\/index.php?rest_route=\/wp\/v2\/product"}],"about":[{"href":"https:\/\/tentazionecyc.com\/index.php?rest_route=\/wp\/v2\/types\/product"}],"wp:featuredmedia":[{"embeddable":true,"href":"https:\/\/tentazionecyc.com\/index.php?rest_route=\/wp\/v2\/media\/9199"}],"wp:attachment":[{"href":"https:\/\/tentazionecyc.com\/index.php?rest_route=%2Fwp%2Fv2%2Fmedia&parent=9194"}],"wp:term":[{"taxonomy":"product_brand","embeddable":true,"href":"https:\/\/tentazionecyc.com\/index.php?rest_route=%2Fwp%2Fv2%2Fproduct_brand&post=9194"},{"taxonomy":"product_cat","embeddable":true,"href":"https:\/\/tentazionecyc.com\/index.php?rest_route=%2Fwp%2Fv2%2Fproduct_cat&post=9194"},{"taxonomy":"product_tag","embeddable":true,"href":"https:\/\/tentazionecyc.com\/index.php?rest_route=%2Fwp%2Fv2%2Fproduct_tag&post=9194"}],"curies":[{"name":"wp","href":"https:\/\/api.w.org\/{rel}","templated":true}]}}