{"id":9207,"date":"2024-11-27T21:35:11","date_gmt":"2024-11-28T00:35:11","guid":{"rendered":"https:\/\/tentazionecyc.com\/?post_type=product&#038;p=9207"},"modified":"2024-11-27T21:35:11","modified_gmt":"2024-11-28T00:35:11","slug":"lemon-pie","status":"publish","type":"product","link":"https:\/\/tentazionecyc.com\/?product=lemon-pie","title":{"rendered":".Lemon Pie"},"content":{"rendered":"<p>Lemon Pie: Un Equilibrio Perfecto entre Dulce y \u00c1cido<\/p>\n<p>Disfruta de la combinaci\u00f3n perfecta entre la dulzura y el \u00e1cido en nuestro delicioso lemon pie, un cl\u00e1sico con un toque de innovaci\u00f3n y frescura.<\/p>\n<p>Caracter\u00edsticas:<\/p>\n<p>&#8211; Masa crujiente y dorada, hecha con ingredientes frescos y de alta calidad<br \/>\n&#8211; Relleno de lim\u00f3n fresco y az\u00facar, que combina la dulzura y el \u00e1cido de manera perfecta<br \/>\n&#8211; Decorado con una capa de merengue tostado y ralladura de lim\u00f3n, para un toque de elegancia y frescura.<br \/>\n-Detalles<br \/>\n&#8211; De 26cm<br \/>\n&#8211; Para 10 a 12 porciones.<br \/>\nUn postre cl\u00e1sico que seguramente te dejar\u00e1 con ganas de m\u00e1s.&#8221;<\/p>\n","protected":false},"excerpt":{"rendered":"<p>Lemon Pie: Un Equilibrio Perfecto entre Dulce y \u00c1cido Disfruta de la combinaci\u00f3n perfecta entre la dulzura y el \u00e1cido en nuestro delicioso lemon pie, un cl\u00e1sico con un toque de innovaci\u00f3n y frescura. Caracter\u00edsticas: &#8211; Masa crujiente y dorada, hecha con ingredientes frescos y de alta calidad &#8211; Relleno de lim\u00f3n fresco y az\u00facar, [&hellip;]<\/p>\n","protected":false},"featured_media":9208,"template":"","meta":{"_monsterinsights_skip_tracking":false,"_monsterinsights_sitenote_active":false,"_monsterinsights_sitenote_note":"","_monsterinsights_sitenote_category":0,"_uf_show_specific_survey":0,"_uf_disable_surveys":false,"site-sidebar-layout":"default","site-content-layout":"","ast-site-content-layout":"default","site-content-style":"default","site-sidebar-style":"default","ast-global-header-display":"","ast-banner-title-visibility":"","ast-main-header-display":"","ast-hfb-above-header-display":"","ast-hfb-below-header-display":"","ast-hfb-mobile-header-display":"","site-post-title":"","ast-breadcrumbs-content":"","ast-featured-img":"","footer-sml-layout":"","ast-disable-related-posts":"","theme-transparent-header-meta":"default","adv-header-id-meta":"","stick-header-meta":"","header-above-stick-meta":"","header-main-stick-meta":"","header-below-stick-meta":"","astra-migrate-meta-layouts":"set","ast-page-background-enabled":"default","ast-page-background-meta":{"desktop":{"background-color":"","background-image":"","background-repeat":"repeat","background-position":"center center","background-size":"auto","background-attachment":"scroll","background-type":"","background-media":"","overlay-type":"","overlay-color":"","overlay-opacity":"","overlay-gradient":""},"tablet":{"background-color":"","background-image":"","background-repeat":"repeat","background-position":"center center","background-size":"auto","background-attachment":"scroll","background-type":"","background-media":"","overlay-type":"","overlay-color":"","overlay-opacity":"","overlay-gradient":""},"mobile":{"background-color":"","background-image":"","background-repeat":"repeat","background-position":"center center","background-size":"auto","background-attachment":"scroll","background-type":"","background-media":"","overlay-type":"","overlay-color":"","overlay-opacity":"","overlay-gradient":""}},"ast-content-background-meta":{"desktop":{"background-color":"var(--ast-global-color-5)","background-image":"","background-repeat":"repeat","background-position":"center center","background-size":"auto","background-attachment":"scroll","background-type":"","background-media":"","overlay-type":"","overlay-color":"","overlay-opacity":"","overlay-gradient":""},"tablet":{"background-color":"var(--ast-global-color-5)","background-image":"","background-repeat":"repeat","background-position":"center center","background-size":"auto","background-attachment":"scroll","background-type":"","background-media":"","overlay-type":"","overlay-color":"","overlay-opacity":"","overlay-gradient":""},"mobile":{"background-color":"var(--ast-global-color-5)","background-image":"","background-repeat":"repeat","background-position":"center center","background-size":"auto","background-attachment":"scroll","background-type":"","background-media":"","overlay-type":"","overlay-color":"","overlay-opacity":"","overlay-gradient":""}}},"product_brand":[],"product_cat":[76],"product_tag":[],"class_list":{"0":"post-9207","1":"product","2":"type-product","3":"status-publish","4":"has-post-thumbnail","6":"product_cat-postres","7":"desktop-align-left","8":"tablet-align-left","9":"mobile-align-left","11":"first","12":"instock","13":"shipping-taxable","14":"purchasable","15":"product-type-simple"},"aioseo_notices":[],"_links":{"self":[{"href":"https:\/\/tentazionecyc.com\/index.php?rest_route=\/wp\/v2\/product\/9207","targetHints":{"allow":["GET"]}}],"collection":[{"href":"https:\/\/tentazionecyc.com\/index.php?rest_route=\/wp\/v2\/product"}],"about":[{"href":"https:\/\/tentazionecyc.com\/index.php?rest_route=\/wp\/v2\/types\/product"}],"wp:featuredmedia":[{"embeddable":true,"href":"https:\/\/tentazionecyc.com\/index.php?rest_route=\/wp\/v2\/media\/9208"}],"wp:attachment":[{"href":"https:\/\/tentazionecyc.com\/index.php?rest_route=%2Fwp%2Fv2%2Fmedia&parent=9207"}],"wp:term":[{"taxonomy":"product_brand","embeddable":true,"href":"https:\/\/tentazionecyc.com\/index.php?rest_route=%2Fwp%2Fv2%2Fproduct_brand&post=9207"},{"taxonomy":"product_cat","embeddable":true,"href":"https:\/\/tentazionecyc.com\/index.php?rest_route=%2Fwp%2Fv2%2Fproduct_cat&post=9207"},{"taxonomy":"product_tag","embeddable":true,"href":"https:\/\/tentazionecyc.com\/index.php?rest_route=%2Fwp%2Fv2%2Fproduct_tag&post=9207"}],"curies":[{"name":"wp","href":"https:\/\/api.w.org\/{rel}","templated":true}]}}