{"id":9625,"date":"2025-09-17T13:37:46","date_gmt":"2025-09-17T16:37:46","guid":{"rendered":"https:\/\/tentazionecyc.com\/?post_type=product&#038;p=9625"},"modified":"2025-09-17T13:37:46","modified_gmt":"2025-09-17T16:37:46","slug":"salentein","status":"publish","type":"product","link":"https:\/\/tentazionecyc.com\/?product=salentein","title":{"rendered":"Salentein"},"content":{"rendered":"<h3>Feliz Dia<\/h3>\n<ul>\n<li>Un Salentein Reserva de 375ml.<\/li>\n<li>Flores de Rosas Eternas en color azul 4un.<\/li>\n<li>Caja Personalizada, color a elecci\u00f3n<\/li>\n<li>Ferrero Rocher 10un.<\/li>\n<li>Lazos y Personalizados seg\u00fan lo desee el cliente.<\/li>\n<li>En su bolsas respectivas<\/li>\n<li>a elecci\u00f3n Tarjetas o Foto Personalizada.<\/li>\n<\/ul>\n","protected":false},"excerpt":{"rendered":"<p>Feliz Dia Un Salentein Reserva de 375ml. Flores de Rosas Eternas en color azul 4un. Caja Personalizada, color a elecci\u00f3n Ferrero Rocher 10un. Lazos y Personalizados seg\u00fan lo desee el cliente. En su bolsas respectivas a elecci\u00f3n Tarjetas o Foto Personalizada.<\/p>\n","protected":false},"featured_media":9626,"template":"","meta":{"_monsterinsights_skip_tracking":false,"_monsterinsights_sitenote_active":false,"_monsterinsights_sitenote_note":"","_monsterinsights_sitenote_category":0,"_uf_show_specific_survey":0,"_uf_disable_surveys":false,"site-sidebar-layout":"default","site-content-layout":"","ast-site-content-layout":"default","site-content-style":"default","site-sidebar-style":"default","ast-global-header-display":"","ast-banner-title-visibility":"","ast-main-header-display":"","ast-hfb-above-header-display":"","ast-hfb-below-header-display":"","ast-hfb-mobile-header-display":"","site-post-title":"","ast-breadcrumbs-content":"","ast-featured-img":"","footer-sml-layout":"","ast-disable-related-posts":"","theme-transparent-header-meta":"","adv-header-id-meta":"","stick-header-meta":"","header-above-stick-meta":"","header-main-stick-meta":"","header-below-stick-meta":"","astra-migrate-meta-layouts":"default","ast-page-background-enabled":"default","ast-page-background-meta":{"desktop":{"background-color":"","background-image":"","background-repeat":"repeat","background-position":"center center","background-size":"auto","background-attachment":"scroll","background-type":"","background-media":"","overlay-type":"","overlay-color":"","overlay-opacity":"","overlay-gradient":""},"tablet":{"background-color":"","background-image":"","background-repeat":"repeat","background-position":"center center","background-size":"auto","background-attachment":"scroll","background-type":"","background-media":"","overlay-type":"","overlay-color":"","overlay-opacity":"","overlay-gradient":""},"mobile":{"background-color":"","background-image":"","background-repeat":"repeat","background-position":"center center","background-size":"auto","background-attachment":"scroll","background-type":"","background-media":"","overlay-type":"","overlay-color":"","overlay-opacity":"","overlay-gradient":""}},"ast-content-background-meta":{"desktop":{"background-color":"var(--ast-global-color-5)","background-image":"","background-repeat":"repeat","background-position":"center center","background-size":"auto","background-attachment":"scroll","background-type":"","background-media":"","overlay-type":"","overlay-color":"","overlay-opacity":"","overlay-gradient":""},"tablet":{"background-color":"var(--ast-global-color-5)","background-image":"","background-repeat":"repeat","background-position":"center center","background-size":"auto","background-attachment":"scroll","background-type":"","background-media":"","overlay-type":"","overlay-color":"","overlay-opacity":"","overlay-gradient":""},"mobile":{"background-color":"var(--ast-global-color-5)","background-image":"","background-repeat":"repeat","background-position":"center center","background-size":"auto","background-attachment":"scroll","background-type":"","background-media":"","overlay-type":"","overlay-color":"","overlay-opacity":"","overlay-gradient":""}}},"product_brand":[],"product_cat":[58,53],"product_tag":[],"class_list":{"0":"post-9625","1":"product","2":"type-product","3":"status-publish","4":"has-post-thumbnail","6":"product_cat-bellas","7":"product_cat-enamorados","8":"desktop-align-left","9":"tablet-align-left","10":"mobile-align-left","12":"first","13":"instock","14":"shipping-taxable","15":"purchasable","16":"product-type-simple"},"aioseo_notices":[],"_links":{"self":[{"href":"https:\/\/tentazionecyc.com\/index.php?rest_route=\/wp\/v2\/product\/9625","targetHints":{"allow":["GET"]}}],"collection":[{"href":"https:\/\/tentazionecyc.com\/index.php?rest_route=\/wp\/v2\/product"}],"about":[{"href":"https:\/\/tentazionecyc.com\/index.php?rest_route=\/wp\/v2\/types\/product"}],"wp:featuredmedia":[{"embeddable":true,"href":"https:\/\/tentazionecyc.com\/index.php?rest_route=\/wp\/v2\/media\/9626"}],"wp:attachment":[{"href":"https:\/\/tentazionecyc.com\/index.php?rest_route=%2Fwp%2Fv2%2Fmedia&parent=9625"}],"wp:term":[{"taxonomy":"product_brand","embeddable":true,"href":"https:\/\/tentazionecyc.com\/index.php?rest_route=%2Fwp%2Fv2%2Fproduct_brand&post=9625"},{"taxonomy":"product_cat","embeddable":true,"href":"https:\/\/tentazionecyc.com\/index.php?rest_route=%2Fwp%2Fv2%2Fproduct_cat&post=9625"},{"taxonomy":"product_tag","embeddable":true,"href":"https:\/\/tentazionecyc.com\/index.php?rest_route=%2Fwp%2Fv2%2Fproduct_tag&post=9625"}],"curies":[{"name":"wp","href":"https:\/\/api.w.org\/{rel}","templated":true}]}}