{"id":9849,"date":"2026-02-03T20:00:27","date_gmt":"2026-02-03T23:00:27","guid":{"rendered":"https:\/\/tentazionecyc.com\/?post_type=product&#038;p=9849"},"modified":"2026-02-03T20:00:27","modified_gmt":"2026-02-03T23:00:27","slug":"love-teddy-box","status":"publish","type":"product","link":"https:\/\/tentazionecyc.com\/?product=love-teddy-box","title":{"rendered":"Love Teddy Box"},"content":{"rendered":"<p>Sorprend\u00e9 a esa persona especial con una caja llena de amor y dulzura. Esta hermosa caja en forma de coraz\u00f3n combina ternura y sabor en un regalo perfecto para cualquier ocasi\u00f3n especial.<br \/>\n<strong>Incluye:<\/strong><br \/>\n<span style=\"font-size: 1.125rem;\">\ud83c\udf39Rosa eterna, s\u00edmbolo de amor que dura para siempre<\/span><\/p>\n<p><span style=\"font-size: 1.125rem;\">\ud83e\uddf8Peluche rosa, suave y adorable<\/span><\/p>\n<p>\ud83c\udf6bUn bomb\u00f3n Bon o Bon<\/p>\n<p>\ud83c\udf6a Dos 3alfajores Havanna, un cl\u00e1sico irresistible<\/p>\n<p>\ud83d\udc9d Caja coraz\u00f3n decorativa, ideal para regalar<\/p>\n","protected":false},"excerpt":{"rendered":"<p>Sorprend\u00e9 a esa persona especial con una caja llena de amor y dulzura. Esta hermosa caja en forma de coraz\u00f3n combina ternura y sabor en un regalo perfecto para cualquier ocasi\u00f3n especial. Incluye: \ud83c\udf39Rosa eterna, s\u00edmbolo de amor que dura para siempre \ud83e\uddf8Peluche rosa, suave y adorable \ud83c\udf6bUn bomb\u00f3n Bon o Bon \ud83c\udf6a Dos 3alfajores [&hellip;]<\/p>\n","protected":false},"featured_media":9850,"template":"","meta":{"_monsterinsights_skip_tracking":false,"_monsterinsights_sitenote_active":false,"_monsterinsights_sitenote_note":"","_monsterinsights_sitenote_category":0,"_uf_show_specific_survey":0,"_uf_disable_surveys":false,"site-sidebar-layout":"default","site-content-layout":"","ast-site-content-layout":"default","site-content-style":"default","site-sidebar-style":"default","ast-global-header-display":"","ast-banner-title-visibility":"","ast-main-header-display":"","ast-hfb-above-header-display":"","ast-hfb-below-header-display":"","ast-hfb-mobile-header-display":"","site-post-title":"","ast-breadcrumbs-content":"","ast-featured-img":"","footer-sml-layout":"","ast-disable-related-posts":"","theme-transparent-header-meta":"","adv-header-id-meta":"","stick-header-meta":"","header-above-stick-meta":"","header-main-stick-meta":"","header-below-stick-meta":"","astra-migrate-meta-layouts":"default","ast-page-background-enabled":"default","ast-page-background-meta":{"desktop":{"background-color":"","background-image":"","background-repeat":"repeat","background-position":"center center","background-size":"auto","background-attachment":"scroll","background-type":"","background-media":"","overlay-type":"","overlay-color":"","overlay-opacity":"","overlay-gradient":""},"tablet":{"background-color":"","background-image":"","background-repeat":"repeat","background-position":"center center","background-size":"auto","background-attachment":"scroll","background-type":"","background-media":"","overlay-type":"","overlay-color":"","overlay-opacity":"","overlay-gradient":""},"mobile":{"background-color":"","background-image":"","background-repeat":"repeat","background-position":"center center","background-size":"auto","background-attachment":"scroll","background-type":"","background-media":"","overlay-type":"","overlay-color":"","overlay-opacity":"","overlay-gradient":""}},"ast-content-background-meta":{"desktop":{"background-color":"var(--ast-global-color-5)","background-image":"","background-repeat":"repeat","background-position":"center center","background-size":"auto","background-attachment":"scroll","background-type":"","background-media":"","overlay-type":"","overlay-color":"","overlay-opacity":"","overlay-gradient":""},"tablet":{"background-color":"var(--ast-global-color-5)","background-image":"","background-repeat":"repeat","background-position":"center center","background-size":"auto","background-attachment":"scroll","background-type":"","background-media":"","overlay-type":"","overlay-color":"","overlay-opacity":"","overlay-gradient":""},"mobile":{"background-color":"var(--ast-global-color-5)","background-image":"","background-repeat":"repeat","background-position":"center center","background-size":"auto","background-attachment":"scroll","background-type":"","background-media":"","overlay-type":"","overlay-color":"","overlay-opacity":"","overlay-gradient":""}}},"product_brand":[],"product_cat":[15],"product_tag":[],"class_list":{"0":"post-9849","1":"product","2":"type-product","3":"status-publish","4":"has-post-thumbnail","6":"product_cat-sin-categorizar","7":"desktop-align-left","8":"tablet-align-left","9":"mobile-align-left","11":"first","12":"instock","13":"shipping-taxable","14":"product-type-simple"},"aioseo_notices":[],"_links":{"self":[{"href":"https:\/\/tentazionecyc.com\/index.php?rest_route=\/wp\/v2\/product\/9849","targetHints":{"allow":["GET"]}}],"collection":[{"href":"https:\/\/tentazionecyc.com\/index.php?rest_route=\/wp\/v2\/product"}],"about":[{"href":"https:\/\/tentazionecyc.com\/index.php?rest_route=\/wp\/v2\/types\/product"}],"wp:featuredmedia":[{"embeddable":true,"href":"https:\/\/tentazionecyc.com\/index.php?rest_route=\/wp\/v2\/media\/9850"}],"wp:attachment":[{"href":"https:\/\/tentazionecyc.com\/index.php?rest_route=%2Fwp%2Fv2%2Fmedia&parent=9849"}],"wp:term":[{"taxonomy":"product_brand","embeddable":true,"href":"https:\/\/tentazionecyc.com\/index.php?rest_route=%2Fwp%2Fv2%2Fproduct_brand&post=9849"},{"taxonomy":"product_cat","embeddable":true,"href":"https:\/\/tentazionecyc.com\/index.php?rest_route=%2Fwp%2Fv2%2Fproduct_cat&post=9849"},{"taxonomy":"product_tag","embeddable":true,"href":"https:\/\/tentazionecyc.com\/index.php?rest_route=%2Fwp%2Fv2%2Fproduct_tag&post=9849"}],"curies":[{"name":"wp","href":"https:\/\/api.w.org\/{rel}","templated":true}]}}